{"id":94,"date":"2020-12-30T09:01:07","date_gmt":"2020-12-30T09:01:07","guid":{"rendered":"http:\/\/terraalimentos.com.br\/?page_id=94"},"modified":"2022-08-15T13:59:37","modified_gmt":"2022-08-15T13:59:37","slug":"about","status":"publish","type":"page","link":"https:\/\/terraalimentos.com.br\/?page_id=94","title":{"rendered":"Sobre N\u00f3s"},"content":{"rendered":"\t\t<div data-elementor-type=\"wp-page\" data-elementor-id=\"94\" class=\"elementor elementor-94\">\n\t\t\t\t\t\t<div class=\"elementor-inner\">\n\t\t\t\t<div class=\"elementor-section-wrap\">\n\t\t\t\t\t\t\t\t\t<section data-particle_enable=\"false\" data-particle-mobile-disabled=\"false\" class=\"elementor-section elementor-top-section elementor-element elementor-element-f337058 elementor-section-boxed elementor-section-height-default elementor-section-height-default\" data-id=\"f337058\" data-element_type=\"section\" data-settings=\"{&quot;background_background&quot;:&quot;classic&quot;}\">\n\t\t\t\t\t\t<div class=\"elementor-container elementor-column-gap-no\">\n\t\t\t\t\t\t\t<div class=\"elementor-row\">\n\t\t\t\t\t<div class=\"aux-parallax-section elementor-column elementor-col-50 elementor-top-column elementor-element elementor-element-487b063\" data-id=\"487b063\" data-element_type=\"column\">\n\t\t\t<div class=\"elementor-column-wrap elementor-element-populated\">\n\t\t\t\t\t\t\t<div class=\"elementor-widget-wrap\">\n\t\t\t\t\t\t<div class=\"aux-scroll-anim elementor-element elementor-element-0bcc4de elementor-widget__width-auto aux-appear-watch-animation aux-scale-up aux-shpe-type-circle elementor-widget elementor-widget-aux_simple_shape\" data-move-in=\"moveHorizontal\" data-move-out=\"moveHorizontal\" data-axis-x=\"-10\" data-axis-y=\"200\" data-rotate=\"90\" data-scale=\"1\" data-vp-top=\"0.5\" data-vp-bot=\"0.5\" data-el-top=\"0.2\" data-scroll-animation-off=\"1024\" data-id=\"0bcc4de\" data-element_type=\"widget\" data-widget_type=\"aux_simple_shape.default\">\n\t\t\t\t<div class=\"elementor-widget-container\">\n\t\t\t    <div class=\"aux-widget-container aux-simple-shape-container\">\n        <div class=\"aux-widget-container-inner\">\n            <div class=\"aux-the-shape\"><\/div>\n        <\/div>\n    <\/div>\n    \t\t<\/div>\n\t\t\t\t<\/div>\n\t\t\t\t<div class=\"aux-scroll-anim elementor-element elementor-element-4526792 elementor-widget__width-auto elementor-widget elementor-widget-aux_image\" data-move-in=\"moveVertical\" data-move-out=\"moveVertical\" data-axis-x=\"200\" data-axis-y=\"-20\" data-rotate=\"90\" data-scale=\"1\" data-vp-top=\"0.5\" data-vp-bot=\"0.5\" data-el-top=\"0.2\" data-scroll-animation-off=\"1024\" data-id=\"4526792\" data-element_type=\"widget\" data-widget_type=\"aux_image.default\">\n\t\t\t\t<div class=\"elementor-widget-container\">\n\t\t\t<section class=\"widget-container aux-widget-image aux-alignnone aux-parent-au35bfd297\" style=\"\" >\n    <div class=\"aux-media-hint-frame \">\n        <div class=\"aux-media-image \" >\n        \n            \n\n            \n            <img loading=\"lazy\" width=\"423\" height=\"372\" src=\"data:image\/gif;base64,R0lGODlhAQABAIAAAAAAAP\/\/\/yH5BAEAAAAALAAAAAABAAEAAAIBRAA7\" class=\"aux-attachment aux-featured-image aux-attachment-id-28 aux-preload aux-blank\" alt=\"demo-attachment-702-scott-evans-ScoYEG5LEgc-unsplash\" data-ratio=\"1.14\" data-original-w=\"423\" data-src=\"https:\/\/terraalimentos.com.br\/wp-content\/uploads\/2021\/01\/scott-evans-ScoYEG5LEgc-unsplash.png\" \/>            \n                <\/div>\n    <\/div>\n\n<\/section><!-- widget-container -->\t\t<\/div>\n\t\t\t\t<\/div>\n\t\t\t\t<div class=\"aux-scroll-anim elementor-element elementor-element-408e8da elementor-widget__width-auto elementor-widget elementor-widget-aux_image\" data-move-in=\"moveVertical\" data-move-out=\"moveVertical\" data-axis-x=\"30\" data-axis-y=\"30\" data-rotate=\"90\" data-scale=\"1\" data-vp-top=\"0.5\" data-vp-bot=\"0.5\" data-el-top=\"0.2\" data-scroll-animation-off=\"1024\" data-id=\"408e8da\" data-element_type=\"widget\" data-widget_type=\"aux_image.default\">\n\t\t\t\t<div class=\"elementor-widget-container\">\n\t\t\t<section class=\"widget-container aux-widget-image aux-alignnone aux-parent-auccdb4b3c\" style=\"\" >\n    <div class=\"aux-media-hint-frame \">\n        <div class=\"aux-media-image \" >\n        \n            \n\n            \n            <img loading=\"lazy\" width=\"423\" height=\"372\" src=\"data:image\/gif;base64,R0lGODlhAQABAIAAAAAAAP\/\/\/yH5BAEAAAAALAAAAAABAAEAAAIBRAA7\" class=\"aux-attachment aux-featured-image aux-attachment-id-27 aux-preload aux-blank\" alt=\"demo-attachment-703-DSC_9421copy-38751-original-protected\" data-ratio=\"1.14\" data-original-w=\"423\" data-src=\"https:\/\/terraalimentos.com.br\/wp-content\/uploads\/2021\/01\/DSC_9421copy-38751-original-protected.jpg\" \/>            \n                <\/div>\n    <\/div>\n\n<\/section><!-- widget-container -->\t\t<\/div>\n\t\t\t\t<\/div>\n\t\t\t\t\t\t<\/div>\n\t\t\t\t\t<\/div>\n\t\t<\/div>\n\t\t\t\t<div class=\"aux-parallax-section elementor-column elementor-col-50 elementor-top-column elementor-element elementor-element-bca5bcb\" data-id=\"bca5bcb\" data-element_type=\"column\">\n\t\t\t<div class=\"elementor-column-wrap elementor-element-populated\">\n\t\t\t\t\t\t\t<div class=\"elementor-widget-wrap\">\n\t\t\t\t\t\t<div class=\"elementor-element elementor-element-fa0ab14 aux-appear-watch-animation aux-fade-in-up elementor-widget elementor-widget-aux_modern_heading\" data-id=\"fa0ab14\" data-element_type=\"widget\" data-widget_type=\"aux_modern_heading.default\">\n\t\t\t\t<div class=\"elementor-widget-container\">\n\t\t\t<section class=\"aux-widget-modern-heading\">\n            <div class=\"aux-widget-inner\"><p class=\"aux-modern-heading-primary\">Nossa Hist\u00f3ria<\/p><h4 class=\"aux-modern-heading-secondary\"><span class=\"aux-head-before\">Sobre N\u00f3s<\/span><\/h4><div class=\"aux-modern-heading-description\"><p>\u00a0 \u00a0Come\u00e7amos em 2005 uma pequena empresa na Vila nova, posteriormente mudamos pro Ceasa onde manipulamos nossos produtos.<br \/>Sonos especializados na comercializa\u00e7\u00e3o e distribui\u00e7\u00e3o de hortifruti, nosso objetivo \u00e9 atender nossos parceiros com o que a de melhor no mercado, para segurar a qualidade de nossas mercadorias contamos com uma equipe de profissionais qualificados e treinados para manuseio dos produtos que chegaram ao destino em perfeitas condi\u00e7\u00f5es.<\/p><\/div><\/div>\n        <\/section>\t\t<\/div>\n\t\t\t\t<\/div>\n\t\t\t\t<section data-particle_enable=\"false\" data-particle-mobile-disabled=\"false\" class=\"elementor-section elementor-inner-section elementor-element elementor-element-949b904 elementor-section-boxed elementor-section-height-default elementor-section-height-default\" data-id=\"949b904\" data-element_type=\"section\">\n\t\t\t\t\t\t<div class=\"elementor-container elementor-column-gap-no\">\n\t\t\t\t\t\t\t<div class=\"elementor-row\">\n\t\t\t\t\t<div class=\"aux-parallax-section elementor-column elementor-col-50 elementor-inner-column elementor-element elementor-element-010b28b\" data-id=\"010b28b\" data-element_type=\"column\">\n\t\t\t<div class=\"elementor-column-wrap elementor-element-populated\">\n\t\t\t\t\t\t\t<div class=\"elementor-widget-wrap\">\n\t\t\t\t\t\t<div class=\"elementor-element elementor-element-7a398c0 aux-appear-watch-animation aux-fade-in-up elementor-widget elementor-widget-aux_modern_heading\" data-id=\"7a398c0\" data-element_type=\"widget\" data-widget_type=\"aux_modern_heading.default\">\n\t\t\t\t<div class=\"elementor-widget-container\">\n\t\t\t<section class=\"aux-widget-modern-heading\">\n            <div class=\"aux-widget-inner\"><h4 class=\"aux-modern-heading-primary\">Garantia e Entrega<\/h4><h3 class=\"aux-modern-heading-secondary\"><span class=\"aux-head-before\">Sem taxa de Entrega.<\/span><\/h3><\/div>\n        <\/section>\t\t<\/div>\n\t\t\t\t<\/div>\n\t\t\t\t\t\t<\/div>\n\t\t\t\t\t<\/div>\n\t\t<\/div>\n\t\t\t\t<div class=\"aux-parallax-section elementor-column elementor-col-50 elementor-inner-column elementor-element elementor-element-7b08fdd\" data-id=\"7b08fdd\" data-element_type=\"column\">\n\t\t\t<div class=\"elementor-column-wrap elementor-element-populated\">\n\t\t\t\t\t\t\t<div class=\"elementor-widget-wrap\">\n\t\t\t\t\t\t<div class=\"elementor-element elementor-element-c71a88b aux-appear-watch-animation aux-fade-in-up elementor-widget elementor-widget-aux_modern_heading\" data-id=\"c71a88b\" data-element_type=\"widget\" data-widget_type=\"aux_modern_heading.default\">\n\t\t\t\t<div class=\"elementor-widget-container\">\n\t\t\t<section class=\"aux-widget-modern-heading\">\n            <div class=\"aux-widget-inner\"><h4 class=\"aux-modern-heading-primary\">Melhores Produtos<\/h4><h3 class=\"aux-modern-heading-secondary\"><span class=\"aux-head-before\">Alimentos frescos diariamente.<\/span><\/h3><\/div>\n        <\/section>\t\t<\/div>\n\t\t\t\t<\/div>\n\t\t\t\t\t\t<\/div>\n\t\t\t\t\t<\/div>\n\t\t<\/div>\n\t\t\t\t\t\t\t\t<\/div>\n\t\t\t\t\t<\/div>\n\t\t<\/section>\n\t\t\t\t<div class=\"elementor-element elementor-element-23af84d aux-appear-watch-animation aux-slide-from-bot elementor-widget elementor-widget-aux_modern_button\" data-id=\"23af84d\" data-element_type=\"widget\" data-widget_type=\"aux_modern_button.default\">\n\t\t\t\t<div class=\"elementor-widget-container\">\n\t\t\t    <div class=\"aux-modern-button-wrapper aux-modern-button-align-left\" >\n                    <a class=\"aux-modern-button aux-black aux-modern-button-md aux-modern-button-normal aux-modern-button-default aux-icon-\">\n                <div class=\"aux-overlay\"><\/div>\n                                    <div class=\"aux-icon \">\n                                            <\/div>\n                                <div class=\"aux-text\">\n<span class=\"aux-text-before\">Fale Conosco<\/span>                <\/div>\n            <\/a>\n            \n    <\/div>\n\n    \t\t<\/div>\n\t\t\t\t<\/div>\n\t\t\t\t\t\t<\/div>\n\t\t\t\t\t<\/div>\n\t\t<\/div>\n\t\t\t\t\t\t\t\t<\/div>\n\t\t\t\t\t<\/div>\n\t\t<\/section>\n\t\t\t\t<section data-particle_enable=\"false\" data-particle-mobile-disabled=\"false\" class=\"elementor-section elementor-top-section elementor-element elementor-element-a0300e6 elementor-section-boxed elementor-section-height-default elementor-section-height-default\" data-id=\"a0300e6\" data-element_type=\"section\" data-settings=\"{&quot;background_background&quot;:&quot;gradient&quot;}\">\n\t\t\t\t\t\t<div class=\"elementor-container elementor-column-gap-no\">\n\t\t\t\t\t\t\t<div class=\"elementor-row\">\n\t\t\t\t\t<div class=\"aux-parallax-section elementor-column elementor-col-100 elementor-top-column elementor-element elementor-element-7f76dee\" data-id=\"7f76dee\" data-element_type=\"column\">\n\t\t\t<div class=\"elementor-column-wrap elementor-element-populated\">\n\t\t\t\t\t\t\t<div class=\"elementor-widget-wrap\">\n\t\t\t\t\t\t<div class=\"elementor-element elementor-element-10c74b8 aux-appear-watch-animation aux-fade-in-up elementor-widget elementor-widget-aux_modern_heading\" data-id=\"10c74b8\" data-element_type=\"widget\" data-widget_type=\"aux_modern_heading.default\">\n\t\t\t\t<div class=\"elementor-widget-container\">\n\t\t\t<section class=\"aux-widget-modern-heading\">\n            <div class=\"aux-widget-inner\"><p class=\"aux-modern-heading-primary\">Do campo para sua mesa.<\/p><h4 class=\"aux-modern-heading-secondary\"><span class=\"aux-head-before\">20 Anos de<\/span><span class=\"aux-head-highlight\">Tradi\u00e7\u00e3o no Ceasa<\/span><\/h4><\/div>\n        <\/section>\t\t<\/div>\n\t\t\t\t<\/div>\n\t\t\t\t<section data-particle_enable=\"false\" data-particle-mobile-disabled=\"false\" class=\"elementor-section elementor-inner-section elementor-element elementor-element-19d5cf4 elementor-section-boxed elementor-section-height-default elementor-section-height-default\" data-id=\"19d5cf4\" data-element_type=\"section\">\n\t\t\t\t\t\t<div class=\"elementor-container elementor-column-gap-no\">\n\t\t\t\t\t\t\t<div class=\"elementor-row\">\n\t\t\t\t\t<div class=\"aux-parallax-section elementor-column elementor-col-50 elementor-inner-column elementor-element elementor-element-de257d9\" data-id=\"de257d9\" data-element_type=\"column\">\n\t\t\t<div class=\"elementor-column-wrap elementor-element-populated\">\n\t\t\t\t\t\t\t<div class=\"elementor-widget-wrap\">\n\t\t\t\t\t\t<div class=\"elementor-element elementor-element-9791a0e aux-appear-watch-animation aux-fade-in-left elementor-widget elementor-widget-aux_image\" data-id=\"9791a0e\" data-element_type=\"widget\" data-widget_type=\"aux_image.default\">\n\t\t\t\t<div class=\"elementor-widget-container\">\n\t\t\t<section class=\"widget-container aux-widget-image aux-alignnone aux-parent-aued5a517d\" style=\"\" >\n    <div class=\"aux-media-hint-frame \">\n        <div class=\"aux-media-image \" >\n        \n            \n\n            \n            <img loading=\"lazy\" width=\"784\" height=\"446\" src=\"data:image\/gif;base64,R0lGODlhAQABAIAAAAAAAP\/\/\/yH5BAEAAAAALAAAAAABAAEAAAIBRAA7\" class=\"aux-attachment aux-featured-image aux-attachment-id-22 aux-preload aux-blank\" alt=\"demo-attachment-770-scott-evans-XjnUkLNM6O0-unsplash\" data-ratio=\"1.76\" data-original-w=\"784\" data-src=\"https:\/\/terraalimentos.com.br\/wp-content\/uploads\/2021\/01\/scott-evans-XjnUkLNM6O0-unsplash.png\" \/>            \n                <\/div>\n    <\/div>\n\n<\/section><!-- widget-container -->\t\t<\/div>\n\t\t\t\t<\/div>\n\t\t\t\t\t\t<\/div>\n\t\t\t\t\t<\/div>\n\t\t<\/div>\n\t\t\t\t<div class=\"aux-parallax-section elementor-column elementor-col-50 elementor-inner-column elementor-element elementor-element-c95f0c1\" data-id=\"c95f0c1\" data-element_type=\"column\">\n\t\t\t<div class=\"elementor-column-wrap elementor-element-populated\">\n\t\t\t\t\t\t\t<div class=\"elementor-widget-wrap\">\n\t\t\t\t\t\t<div class=\"elementor-element elementor-element-d5ce0ad aux-appear-watch-animation aux-fade-in-right elementor-widget elementor-widget-aux_image\" data-id=\"d5ce0ad\" data-element_type=\"widget\" data-widget_type=\"aux_image.default\">\n\t\t\t\t<div class=\"elementor-widget-container\">\n\t\t\t<section class=\"widget-container aux-widget-image aux-alignnone aux-parent-auca9bcf27\" style=\"\" >\n    <div class=\"aux-media-hint-frame \">\n        <div class=\"aux-media-image \" >\n        \n            \n\n            \n            <img loading=\"lazy\" width=\"784\" height=\"446\" src=\"data:image\/gif;base64,R0lGODlhAQABAIAAAAAAAP\/\/\/yH5BAEAAAAALAAAAAABAAEAAAIBRAA7\" class=\"aux-attachment aux-featured-image aux-attachment-id-21 aux-preload aux-blank\" alt=\"demo-attachment-771-sydney-rae-ho4lBWWD4nc-unsplash\" data-ratio=\"1.76\" data-original-w=\"784\" data-src=\"https:\/\/terraalimentos.com.br\/wp-content\/uploads\/2021\/01\/sydney-rae-ho4lBWWD4nc-unsplash.png\" \/>            \n                <\/div>\n    <\/div>\n\n<\/section><!-- widget-container -->\t\t<\/div>\n\t\t\t\t<\/div>\n\t\t\t\t\t\t<\/div>\n\t\t\t\t\t<\/div>\n\t\t<\/div>\n\t\t\t\t\t\t\t\t<\/div>\n\t\t\t\t\t<\/div>\n\t\t<\/section>\n\t\t\t\t\t\t<\/div>\n\t\t\t\t\t<\/div>\n\t\t<\/div>\n\t\t\t\t\t\t\t\t<\/div>\n\t\t\t\t\t<\/div>\n\t\t<\/section>\n\t\t\t\t\t\t\t\t\t<\/div>\n\t\t\t<\/div>\n\t\t\t\t\t<\/div>\n\t\t","protected":false},"excerpt":{"rendered":"<p>Nossa Hist\u00f3ria Sobre N\u00f3s \u00a0 \u00a0Come\u00e7amos em 2005 uma pequena empresa na Vila nova, posteriormente mudamos pro Ceasa onde manipulamos nossos produtos.Sonos especializados na comercializa\u00e7\u00e3o e distribui\u00e7\u00e3o de hortifruti, nosso objetivo \u00e9 atender nossos parceiros com o que a de melhor no mercado, para segurar a qualidade de nossas mercadorias contamos com uma equipe de [&hellip;]<\/p>\n","protected":false},"author":1,"featured_media":0,"parent":0,"menu_order":0,"comment_status":"closed","ping_status":"closed","template":"templates\/page-builder-content.php","meta":{"om_disable_all_campaigns":false,"_mi_skip_tracking":false},"aioseo_notices":[],"_links":{"self":[{"href":"https:\/\/terraalimentos.com.br\/index.php?rest_route=\/wp\/v2\/pages\/94"}],"collection":[{"href":"https:\/\/terraalimentos.com.br\/index.php?rest_route=\/wp\/v2\/pages"}],"about":[{"href":"https:\/\/terraalimentos.com.br\/index.php?rest_route=\/wp\/v2\/types\/page"}],"author":[{"embeddable":true,"href":"https:\/\/terraalimentos.com.br\/index.php?rest_route=\/wp\/v2\/users\/1"}],"replies":[{"embeddable":true,"href":"https:\/\/terraalimentos.com.br\/index.php?rest_route=%2Fwp%2Fv2%2Fcomments&post=94"}],"version-history":[{"count":16,"href":"https:\/\/terraalimentos.com.br\/index.php?rest_route=\/wp\/v2\/pages\/94\/revisions"}],"predecessor-version":[{"id":411,"href":"https:\/\/terraalimentos.com.br\/index.php?rest_route=\/wp\/v2\/pages\/94\/revisions\/411"}],"wp:attachment":[{"href":"https:\/\/terraalimentos.com.br\/index.php?rest_route=%2Fwp%2Fv2%2Fmedia&parent=94"}],"curies":[{"name":"wp","href":"https:\/\/api.w.org\/{rel}","templated":true}]}}