{"id":212,"date":"2022-06-27T20:51:59","date_gmt":"2022-06-27T20:51:59","guid":{"rendered":"http:\/\/terraalimentos.com.br\/?post_type=product&#038;p=212"},"modified":"2022-07-05T19:58:57","modified_gmt":"2022-07-05T19:58:57","slug":"strawberry-copy","status":"publish","type":"product","link":"https:\/\/terraalimentos.com.br\/?product=strawberry-copy","title":{"rendered":"Beterraba"},"content":{"rendered":"<p>\u00c9 comum achar que a beterraba \u00e9 uma raiz, como a cenoura e a mandioca, por\u00e9m o \u00f3rg\u00e3o de reserva \u00e9 o caule, mais especificamente o colo da planta.<\/p>\n<div class=\"thumb tright\">\n<div class=\"thumbinner\">\n<div class=\"thumbcaption\"><\/div>\n<\/div>\n<\/div>\n<div class=\"thumb tright\">\n<div class=\"thumbinner\">\n<div class=\"thumbcaption\"><a title=\"Borsch\" href=\"https:\/\/pt.wikipedia.org\/wiki\/Borsch\">Borsch<\/a>\u00a0preparado com beterraba com\u00a0<a title=\"Empada de Estetino\" href=\"https:\/\/pt.wikipedia.org\/wiki\/Empada_de_Estetino\">empada de Estetino<\/a>, prato local na cidade polonesa de\u00a0<a title=\"Estetino\" href=\"https:\/\/pt.wikipedia.org\/wiki\/Estetino\">Estetino<\/a>\u00a0(Szczecin)<\/div>\n<\/div>\n<\/div>\n<p>A beterraba \u00e9 rica em\u00a0<a title=\"A\u00e7\u00facar\" href=\"https:\/\/pt.wikipedia.org\/wiki\/A%C3%A7%C3%BAcar\">a\u00e7\u00facares<\/a>. Quando em condi\u00e7\u00e3o natural, a beterraba se conserva por at\u00e9 uma semana, se mantida em local fresco e sombreado. Tamb\u00e9m \u00e9 usada como combust\u00edvel alternativo na Europa, sendo usada para a prepara\u00e7\u00e3o de\u00a0<a title=\"Etanol\" href=\"https:\/\/pt.wikipedia.org\/wiki\/Etanol\">etanol<\/a>. A beterraba \u00e9 recomendada para situa\u00e7\u00f5es de anemia, devido \u00e0 riqueza em\u00a0<a title=\"Ferro\" href=\"https:\/\/pt.wikipedia.org\/wiki\/Ferro\">ferro<\/a>\u00a0e\u00a0<a title=\"\u00c1cido f\u00f3lico\" href=\"https:\/\/pt.wikipedia.org\/wiki\/%C3%81cido_f%C3%B3lico\">\u00e1cido f\u00f3lico<\/a>. As folhas de beterraba possuem propriedades ben\u00e9ficas, semelhantes \u00e0s folhas do\u00a0<a title=\"Espinafre\" href=\"https:\/\/pt.wikipedia.org\/wiki\/Espinafre\">espinafre<\/a>, ambas sendo utilizadas na ind\u00fastria\u00a0<a title=\"Farm\u00e1cia\" href=\"https:\/\/pt.wikipedia.org\/wiki\/Farm%C3%A1cia\">farmac\u00eautica<\/a>\u00a0devido \u00e0s suas qualidades terap\u00eauticas.<sup id=\"cite_ref-2\" class=\"reference\"><a href=\"https:\/\/pt.wikipedia.org\/wiki\/Beterraba#cite_note-2\">[2]<\/a><\/sup>\u00a0A beterraba tem valiosas propriedades medicinais devido ao seu elevado conte\u00fado de\u00a0<a title=\"Sais minerais\" href=\"https:\/\/pt.wikipedia.org\/wiki\/Sais_minerais\">sais minerais<\/a>,\u00a0<a class=\"mw-redirect\" title=\"Vitaminas\" href=\"https:\/\/pt.wikipedia.org\/wiki\/Vitaminas\">vitaminas<\/a>\u00a0e\u00a0<a class=\"mw-redirect\" title=\"Carboidratos\" href=\"https:\/\/pt.wikipedia.org\/wiki\/Carboidratos\">carboidratos.<\/a><\/p>\n<h3>Product Details<\/h3>\n<ul>\n<li>A Cada 100 gramas de beterraba cont\u00e9m:<\/li>\n<\/ul>\n<div>\n<ul>\n<li>\n<ul>\n<li><a class=\"mw-redirect\" title=\"Calorias\" href=\"https:\/\/pt.wikipedia.org\/wiki\/Calorias\">Calorias<\/a>\u00a0&#8211; 50kcal<\/li>\n<li><a title=\"Prote\u00edna\" href=\"https:\/\/pt.wikipedia.org\/wiki\/Prote%C3%ADna\">Prote\u00ednas<\/a>\u00a0&#8211; 3g<\/li>\n<li><a title=\"Gordura\" href=\"https:\/\/pt.wikipedia.org\/wiki\/Gordura\">Gorduras<\/a>\u00a0&#8211; 0g<\/li>\n<li><a title=\"Vitamina\" href=\"https:\/\/pt.wikipedia.org\/wiki\/Vitamina\">Vitamina<\/a>\u00a0A &#8211; 2 U.l.<\/li>\n<li>Vitamina B1 (<a title=\"Tiamina\" href=\"https:\/\/pt.wikipedia.org\/wiki\/Tiamina\">Tiamina<\/a>) &#8211; 50 mcg<\/li>\n<li>Vitamina B2 (<a title=\"Riboflavina\" href=\"https:\/\/pt.wikipedia.org\/wiki\/Riboflavina\">Riboflavina<\/a>) &#8211; 50 mcg<\/li>\n<li>Vitamina B3 (<a title=\"Niacina\" href=\"https:\/\/pt.wikipedia.org\/wiki\/Niacina\">Niacina<\/a>) &#8211; 0,600\u00a0mg<\/li>\n<li>Vitamina C (<a title=\"\u00c1cido asc\u00f3rbico\" href=\"https:\/\/pt.wikipedia.org\/wiki\/%C3%81cido_asc%C3%B3rbico\">\u00c1cido asc\u00f3rbico<\/a>) &#8211; 35,2\u00a0mg<\/li>\n<li><a title=\"Pot\u00e1ssio\" href=\"https:\/\/pt.wikipedia.org\/wiki\/Pot%C3%A1ssio\">Pot\u00e1ssio<\/a>\u00a0&#8211; 350\u00a0mg<\/li>\n<li><a title=\"S\u00f3dio\" href=\"https:\/\/pt.wikipedia.org\/wiki\/S%C3%B3dio\">S\u00f3dio<\/a>\u00a0&#8211; 95\u00a0mg<\/li>\n<li><a title=\"F\u00f3sforo\" href=\"https:\/\/pt.wikipedia.org\/wiki\/F%C3%B3sforo\">F\u00f3sforo<\/a>\u00a0&#8211; 40\u00a0mg<\/li>\n<li><a title=\"C\u00e1lcio\" href=\"https:\/\/pt.wikipedia.org\/wiki\/C%C3%A1lcio\">C\u00e1lcio<\/a>\u00a0&#8211; 25\u00a0mg<\/li>\n<li><a title=\"Zinco\" href=\"https:\/\/pt.wikipedia.org\/wiki\/Zinco\">Zinco<\/a>\u00a0&#8211; 0\u00a0mg<\/li>\n<li><a title=\"Ferro\" href=\"https:\/\/pt.wikipedia.org\/wiki\/Ferro\">Ferro<\/a>\u00a0&#8211; 2,50\u00a0mg<\/li>\n<li><a title=\"Mangan\u00eas\" href=\"https:\/\/pt.wikipedia.org\/wiki\/Mangan%C3%AAs\">Mangan\u00eas<\/a>\u00a0&#8211; 0,5\u00a0mg<\/li>\n<\/ul>\n<\/li>\n<\/ul>\n<\/div>\n","protected":false},"excerpt":{"rendered":"<p>Etiam ultrices. Suspendisse in justo eu magna luctus suscipit. Sed lectus. Integer euismod lacus luctus magna. Quisque cursus, metus vitae.<\/p>\n","protected":false},"featured_media":213,"comment_status":"open","ping_status":"closed","template":"","meta":{"om_disable_all_campaigns":false,"_mi_skip_tracking":false},"product_cat":[17],"product_tag":[21,23,22],"aioseo_notices":[],"_links":{"self":[{"href":"https:\/\/terraalimentos.com.br\/index.php?rest_route=\/wp\/v2\/product\/212"}],"collection":[{"href":"https:\/\/terraalimentos.com.br\/index.php?rest_route=\/wp\/v2\/product"}],"about":[{"href":"https:\/\/terraalimentos.com.br\/index.php?rest_route=\/wp\/v2\/types\/product"}],"replies":[{"embeddable":true,"href":"https:\/\/terraalimentos.com.br\/index.php?rest_route=%2Fwp%2Fv2%2Fcomments&post=212"}],"wp:featuredmedia":[{"embeddable":true,"href":"https:\/\/terraalimentos.com.br\/index.php?rest_route=\/wp\/v2\/media\/213"}],"wp:attachment":[{"href":"https:\/\/terraalimentos.com.br\/index.php?rest_route=%2Fwp%2Fv2%2Fmedia&parent=212"}],"wp:term":[{"taxonomy":"product_cat","embeddable":true,"href":"https:\/\/terraalimentos.com.br\/index.php?rest_route=%2Fwp%2Fv2%2Fproduct_cat&post=212"},{"taxonomy":"product_tag","embeddable":true,"href":"https:\/\/terraalimentos.com.br\/index.php?rest_route=%2Fwp%2Fv2%2Fproduct_tag&post=212"}],"curies":[{"name":"wp","href":"https:\/\/api.w.org\/{rel}","templated":true}]}}