{"id":374,"date":"2022-08-11T13:38:06","date_gmt":"2022-08-11T13:38:06","guid":{"rendered":"https:\/\/terraalimentos.com.br\/?post_type=product&#038;p=374"},"modified":"2022-08-11T13:38:06","modified_gmt":"2022-08-11T13:38:06","slug":"pimentao","status":"publish","type":"product","link":"https:\/\/terraalimentos.com.br\/?product=pimentao","title":{"rendered":"Piment\u00e3o"},"content":{"rendered":"<div id=\"_TQX1YpOaHvvo1sQPxIeC0Ak104\" class=\"mWyH1d FXMOpb\" tabindex=\"0\" role=\"button\" aria-controls=\"_TQX1YpOaHvvo1sQPxIeC0Ak103\" aria-expanded=\"true\">\n<div>\n<div class=\"KA4pGd mDj5wd QTsT3e\" data-hveid=\"CHIQAQ\" data-ved=\"2ahUKEwjT9KbB8775AhV7tJUCHcSDAJoQ_JoDKAB6BAhyEAE\"><strong><span class=\"OS8yje oJc6P QTsT3e\">Nutri\u00e7\u00e3o<\/span><\/strong><\/div>\n<\/div>\n<\/div>\n<div id=\"_TQX1YpOaHvvo1sQPxIeC0Ak103\" class=\"gy6Qzb oNjtBb V1sL5c\" aria-labelledby=\"_TQX1YpOaHvvo1sQPxIeC0Ak104\">\n<div class=\"dfiEbb\">\n<div id=\"_TQX1YpOaHvvo1sQPxIeC0Ak109\" class=\"h1v6L\" role=\"presentation\" data-hveid=\"CHIQAg\" data-ved=\"2ahUKEwjT9KbB8775AhV7tJUCHcSDAJoQw5oDKAF6BAhyEAI\">\n<div><\/div>\n<div>Os nutrientes mais importantes no cultivo do <b>piment\u00e3o<\/b>\u00a0s\u00e3o pot\u00e1ssio, c\u00e1lcio, nitrog\u00eanio, magn\u00e9sio, enxofre e f\u00f3sforo respectivamente. Sugerimos o preparo de solo com anteced\u00eancia de 60 dias a data de plantio, para a correta a\u00e7\u00e3o dos corretivos previamente.<\/div>\n<\/div>\n<\/div>\n<\/div>\n","protected":false},"excerpt":{"rendered":"<p>Nutri\u00e7\u00e3o Os nutrientes mais importantes no cultivo do piment\u00e3o\u00a0s\u00e3o pot\u00e1ssio, c\u00e1lcio, nitrog\u00eanio, magn\u00e9sio, enxofre e f\u00f3sforo respectivamente. Sugerimos o preparo de solo com anteced\u00eancia de 60 dias a data de plantio, para a correta a\u00e7\u00e3o dos corretivos previamente.<\/p>\n","protected":false},"featured_media":375,"comment_status":"open","ping_status":"closed","template":"","meta":{"om_disable_all_campaigns":false,"_mi_skip_tracking":false},"product_cat":[41],"product_tag":[],"aioseo_notices":[],"_links":{"self":[{"href":"https:\/\/terraalimentos.com.br\/index.php?rest_route=\/wp\/v2\/product\/374"}],"collection":[{"href":"https:\/\/terraalimentos.com.br\/index.php?rest_route=\/wp\/v2\/product"}],"about":[{"href":"https:\/\/terraalimentos.com.br\/index.php?rest_route=\/wp\/v2\/types\/product"}],"replies":[{"embeddable":true,"href":"https:\/\/terraalimentos.com.br\/index.php?rest_route=%2Fwp%2Fv2%2Fcomments&post=374"}],"wp:featuredmedia":[{"embeddable":true,"href":"https:\/\/terraalimentos.com.br\/index.php?rest_route=\/wp\/v2\/media\/375"}],"wp:attachment":[{"href":"https:\/\/terraalimentos.com.br\/index.php?rest_route=%2Fwp%2Fv2%2Fmedia&parent=374"}],"wp:term":[{"taxonomy":"product_cat","embeddable":true,"href":"https:\/\/terraalimentos.com.br\/index.php?rest_route=%2Fwp%2Fv2%2Fproduct_cat&post=374"},{"taxonomy":"product_tag","embeddable":true,"href":"https:\/\/terraalimentos.com.br\/index.php?rest_route=%2Fwp%2Fv2%2Fproduct_tag&post=374"}],"curies":[{"name":"wp","href":"https:\/\/api.w.org\/{rel}","templated":true}]}}