{"id":378,"date":"2022-08-11T13:47:05","date_gmt":"2022-08-11T13:47:05","guid":{"rendered":"https:\/\/terraalimentos.com.br\/?post_type=product&#038;p=378"},"modified":"2022-08-11T13:47:05","modified_gmt":"2022-08-11T13:47:05","slug":"jilo","status":"publish","type":"product","link":"https:\/\/terraalimentos.com.br\/?product=jilo","title":{"rendered":"Jil\u00f3"},"content":{"rendered":"<div id=\"_hgf1Yo62Kfbw1sQPl-ybgAM83\" class=\"mWyH1d FXMOpb\" tabindex=\"0\" role=\"button\" aria-controls=\"_hgf1Yo62Kfbw1sQPl-ybgAM82\" aria-expanded=\"true\">\n<div>\n<div class=\"KA4pGd mDj5wd QTsT3e\" data-hveid=\"CGgQAQ\" data-ved=\"2ahUKEwiOkdvQ9b75AhV2uJUCHRf2BjAQ_JoDKAB6BAhoEAE\"><strong><span class=\"OS8yje oJc6P QTsT3e\">Nutrientes<\/span><\/strong><\/div>\n<\/div>\n<\/div>\n<div id=\"_hgf1Yo62Kfbw1sQPl-ybgAM82\" class=\"gy6Qzb oNjtBb V1sL5c\" aria-labelledby=\"_hgf1Yo62Kfbw1sQPl-ybgAM83\">\n<div class=\"dfiEbb\">\n<div id=\"_hgf1Yo62Kfbw1sQPl-ybgAM84\" class=\"h1v6L\" role=\"presentation\" data-hveid=\"CGgQAg\" data-ved=\"2ahUKEwiOkdvQ9b75AhV2uJUCHRf2BjAQw5oDKAF6BAhoEAI\">\n<div id=\"hgf1Yo62Kfbw1sQPl-ybgAM__81\">\n<div class=\"wDYxhc\" lang=\"pt-BR\" data-md=\"83\">\n<div class=\"di3YZe\">\n<div class=\"RqBzHd\">\n<ul class=\"i8Z77e\">\n<li class=\"TrT0Xe\"><b>Jil\u00f3<\/b>\u00a0possui\u00a0<b>nutrientes<\/b>\u00a0como vitaminas A, C e do complexo B, minerais como c\u00e1lcio, ferro, pot\u00e1ssio, magn\u00e9sio e f\u00f3sforo, al\u00e9m de muitos flavonoides.<\/li>\n<li class=\"TrT0Xe\">Por isso ele \u00e9 ben\u00e9fico para quem quer emagrecer, tem anemia ou mau h\u00e1lito.<\/li>\n<li class=\"TrT0Xe\">N\u00e3o existem contraindica\u00e7\u00f5es ao\u00a0<b>jil\u00f3<\/b>, a n\u00e3o ser que a pessoa tenha alergia.<\/li>\n<\/ul>\n<\/div>\n<\/div>\n<\/div>\n<\/div>\n<\/div>\n<\/div>\n<\/div>\n","protected":false},"excerpt":{"rendered":"<p>Nutrientes Jil\u00f3\u00a0possui\u00a0nutrientes\u00a0como vitaminas A, C e do complexo B, minerais como c\u00e1lcio, ferro, pot\u00e1ssio, magn\u00e9sio e f\u00f3sforo, al\u00e9m de muitos flavonoides. Por isso ele \u00e9 ben\u00e9fico para quem quer emagrecer, tem anemia ou mau h\u00e1lito. N\u00e3o existem contraindica\u00e7\u00f5es ao\u00a0jil\u00f3, a n\u00e3o ser que a pessoa tenha alergia.<\/p>\n","protected":false},"featured_media":379,"comment_status":"open","ping_status":"closed","template":"","meta":{"om_disable_all_campaigns":false,"_mi_skip_tracking":false},"product_cat":[16],"product_tag":[],"aioseo_notices":[],"_links":{"self":[{"href":"https:\/\/terraalimentos.com.br\/index.php?rest_route=\/wp\/v2\/product\/378"}],"collection":[{"href":"https:\/\/terraalimentos.com.br\/index.php?rest_route=\/wp\/v2\/product"}],"about":[{"href":"https:\/\/terraalimentos.com.br\/index.php?rest_route=\/wp\/v2\/types\/product"}],"replies":[{"embeddable":true,"href":"https:\/\/terraalimentos.com.br\/index.php?rest_route=%2Fwp%2Fv2%2Fcomments&post=378"}],"wp:featuredmedia":[{"embeddable":true,"href":"https:\/\/terraalimentos.com.br\/index.php?rest_route=\/wp\/v2\/media\/379"}],"wp:attachment":[{"href":"https:\/\/terraalimentos.com.br\/index.php?rest_route=%2Fwp%2Fv2%2Fmedia&parent=378"}],"wp:term":[{"taxonomy":"product_cat","embeddable":true,"href":"https:\/\/terraalimentos.com.br\/index.php?rest_route=%2Fwp%2Fv2%2Fproduct_cat&post=378"},{"taxonomy":"product_tag","embeddable":true,"href":"https:\/\/terraalimentos.com.br\/index.php?rest_route=%2Fwp%2Fv2%2Fproduct_tag&post=378"}],"curies":[{"name":"wp","href":"https:\/\/api.w.org\/{rel}","templated":true}]}}