{"id":384,"date":"2022-08-11T14:04:18","date_gmt":"2022-08-11T14:04:18","guid":{"rendered":"https:\/\/terraalimentos.com.br\/?post_type=product&#038;p=384"},"modified":"2022-08-11T14:04:43","modified_gmt":"2022-08-11T14:04:43","slug":"abacate","status":"publish","type":"product","link":"https:\/\/terraalimentos.com.br\/?product=abacate","title":{"rendered":"Abacate"},"content":{"rendered":"<p>O abacate \u00e9 o fruto comest\u00edvel do abacateiro, uma \u00e1rvore da fam\u00edlia da Lauraceae nativa do M\u00e9xico ou da Am\u00e9rica do Sul, hoje extensamente cultivada em regi\u00f5es tropicais e subtropicais, inclusive nas Ilhas Can\u00e1rias, na Ilha da Madeira e na Sic\u00edlia<\/p>\n","protected":false},"excerpt":{"rendered":"<p>O abacate \u00e9 o fruto comest\u00edvel do abacateiro, uma \u00e1rvore da fam\u00edlia da Lauraceae nativa do M\u00e9xico ou da Am\u00e9rica do Sul, hoje extensamente cultivada em regi\u00f5es tropicais e subtropicais, inclusive nas Ilhas Can\u00e1rias, na Ilha da Madeira e na Sic\u00edlia<\/p>\n","protected":false},"featured_media":385,"comment_status":"open","ping_status":"closed","template":"","meta":{"om_disable_all_campaigns":false,"_mi_skip_tracking":false},"product_cat":[18],"product_tag":[],"aioseo_notices":[],"_links":{"self":[{"href":"https:\/\/terraalimentos.com.br\/index.php?rest_route=\/wp\/v2\/product\/384"}],"collection":[{"href":"https:\/\/terraalimentos.com.br\/index.php?rest_route=\/wp\/v2\/product"}],"about":[{"href":"https:\/\/terraalimentos.com.br\/index.php?rest_route=\/wp\/v2\/types\/product"}],"replies":[{"embeddable":true,"href":"https:\/\/terraalimentos.com.br\/index.php?rest_route=%2Fwp%2Fv2%2Fcomments&post=384"}],"wp:featuredmedia":[{"embeddable":true,"href":"https:\/\/terraalimentos.com.br\/index.php?rest_route=\/wp\/v2\/media\/385"}],"wp:attachment":[{"href":"https:\/\/terraalimentos.com.br\/index.php?rest_route=%2Fwp%2Fv2%2Fmedia&parent=384"}],"wp:term":[{"taxonomy":"product_cat","embeddable":true,"href":"https:\/\/terraalimentos.com.br\/index.php?rest_route=%2Fwp%2Fv2%2Fproduct_cat&post=384"},{"taxonomy":"product_tag","embeddable":true,"href":"https:\/\/terraalimentos.com.br\/index.php?rest_route=%2Fwp%2Fv2%2Fproduct_tag&post=384"}],"curies":[{"name":"wp","href":"https:\/\/api.w.org\/{rel}","templated":true}]}}