{"id":387,"date":"2022-08-11T14:09:16","date_gmt":"2022-08-11T14:09:16","guid":{"rendered":"https:\/\/terraalimentos.com.br\/?post_type=product&#038;p=387"},"modified":"2022-08-11T14:09:16","modified_gmt":"2022-08-11T14:09:16","slug":"abacaxi","status":"publish","type":"product","link":"https:\/\/terraalimentos.com.br\/?product=abacaxi","title":{"rendered":"Abacaxi"},"content":{"rendered":"<p>Informa\u00e7\u00e3o Nutricional<\/p>\n<p>Abacaxi<br \/>\nAbacaxi<br \/>\nFontes: USDA<br \/>\nQuantidade por<br \/>\n100 gramas<br \/>\n100 gramas<br \/>\nCalorias 50<br \/>\nGorduras Totais 0,1 g<br \/>\nGorduras Saturadas 0 g<br \/>\nColesterol 0 mg<br \/>\nS\u00f3dio 1 mg<br \/>\nPot\u00e1ssio 109 mg<br \/>\nCarboidratos 13 g<br \/>\nFibra Alimentar 1,4 g<br \/>\nA\u00e7\u00facar 10 g<br \/>\nProte\u00ednas 0,5 g<br \/>\nVitamina C\t47,8 mg\tC\u00e1lcio\t13 mg<br \/>\nFerro\t0,3 mg\tVitamina D\t0 IU<br \/>\nVitamina B6\t0,1 mg\tCobalamina\t0 \u00b5g<br \/>\nMagn\u00e9sio\t12 mg\t<\/p>\n","protected":false},"excerpt":{"rendered":"<p>Informa\u00e7\u00e3o Nutricional Abacaxi Abacaxi Fontes: USDA Quantidade por 100 gramas 100 gramas Calorias 50 Gorduras Totais 0,1 g Gorduras Saturadas 0 g Colesterol 0 mg S\u00f3dio 1 mg Pot\u00e1ssio 109 mg Carboidratos 13 g Fibra Alimentar 1,4 g A\u00e7\u00facar 10 g Prote\u00ednas 0,5 g Vitamina C 47,8 mg C\u00e1lcio 13 mg Ferro 0,3 mg Vitamina [&hellip;]<\/p>\n","protected":false},"featured_media":388,"comment_status":"open","ping_status":"closed","template":"","meta":{"om_disable_all_campaigns":false,"_mi_skip_tracking":false},"product_cat":[18],"product_tag":[],"aioseo_notices":[],"_links":{"self":[{"href":"https:\/\/terraalimentos.com.br\/index.php?rest_route=\/wp\/v2\/product\/387"}],"collection":[{"href":"https:\/\/terraalimentos.com.br\/index.php?rest_route=\/wp\/v2\/product"}],"about":[{"href":"https:\/\/terraalimentos.com.br\/index.php?rest_route=\/wp\/v2\/types\/product"}],"replies":[{"embeddable":true,"href":"https:\/\/terraalimentos.com.br\/index.php?rest_route=%2Fwp%2Fv2%2Fcomments&post=387"}],"wp:featuredmedia":[{"embeddable":true,"href":"https:\/\/terraalimentos.com.br\/index.php?rest_route=\/wp\/v2\/media\/388"}],"wp:attachment":[{"href":"https:\/\/terraalimentos.com.br\/index.php?rest_route=%2Fwp%2Fv2%2Fmedia&parent=387"}],"wp:term":[{"taxonomy":"product_cat","embeddable":true,"href":"https:\/\/terraalimentos.com.br\/index.php?rest_route=%2Fwp%2Fv2%2Fproduct_cat&post=387"},{"taxonomy":"product_tag","embeddable":true,"href":"https:\/\/terraalimentos.com.br\/index.php?rest_route=%2Fwp%2Fv2%2Fproduct_tag&post=387"}],"curies":[{"name":"wp","href":"https:\/\/api.w.org\/{rel}","templated":true}]}}