{"id":393,"date":"2022-08-11T14:35:16","date_gmt":"2022-08-11T14:35:16","guid":{"rendered":"https:\/\/terraalimentos.com.br\/?post_type=product&#038;p=393"},"modified":"2022-08-11T14:35:41","modified_gmt":"2022-08-11T14:35:41","slug":"tangerina","status":"publish","type":"product","link":"https:\/\/terraalimentos.com.br\/?product=tangerina","title":{"rendered":"Tangerina"},"content":{"rendered":"<p>A tangerina, tamb\u00e9m conhecida como mexerica, laranja-mimosa, mandarina, fuxiqueira, ponc\u00e3, manjerica, laranja-cravo e bergamota, \u00e9 uma fruta c\u00edtrica de cor alaranjada e sabor adocicado. Parece ser uma antiga esp\u00e9cie selvagem, nativa da \u00c1sia.<\/p>\n","protected":false},"excerpt":{"rendered":"<p>A tangerina, tamb\u00e9m conhecida como mexerica, laranja-mimosa, mandarina, fuxiqueira, ponc\u00e3, manjerica, laranja-cravo e bergamota, \u00e9 uma fruta c\u00edtrica de cor alaranjada e sabor adocicado. Parece ser uma antiga esp\u00e9cie selvagem, nativa da \u00c1sia.<\/p>\n","protected":false},"featured_media":394,"comment_status":"open","ping_status":"closed","template":"","meta":{"om_disable_all_campaigns":false,"_mi_skip_tracking":false},"product_cat":[18],"product_tag":[],"aioseo_notices":[],"_links":{"self":[{"href":"https:\/\/terraalimentos.com.br\/index.php?rest_route=\/wp\/v2\/product\/393"}],"collection":[{"href":"https:\/\/terraalimentos.com.br\/index.php?rest_route=\/wp\/v2\/product"}],"about":[{"href":"https:\/\/terraalimentos.com.br\/index.php?rest_route=\/wp\/v2\/types\/product"}],"replies":[{"embeddable":true,"href":"https:\/\/terraalimentos.com.br\/index.php?rest_route=%2Fwp%2Fv2%2Fcomments&post=393"}],"wp:featuredmedia":[{"embeddable":true,"href":"https:\/\/terraalimentos.com.br\/index.php?rest_route=\/wp\/v2\/media\/394"}],"wp:attachment":[{"href":"https:\/\/terraalimentos.com.br\/index.php?rest_route=%2Fwp%2Fv2%2Fmedia&parent=393"}],"wp:term":[{"taxonomy":"product_cat","embeddable":true,"href":"https:\/\/terraalimentos.com.br\/index.php?rest_route=%2Fwp%2Fv2%2Fproduct_cat&post=393"},{"taxonomy":"product_tag","embeddable":true,"href":"https:\/\/terraalimentos.com.br\/index.php?rest_route=%2Fwp%2Fv2%2Fproduct_tag&post=393"}],"curies":[{"name":"wp","href":"https:\/\/api.w.org\/{rel}","templated":true}]}}