{"id":78,"date":"2021-01-02T11:46:17","date_gmt":"2021-01-02T11:46:17","guid":{"rendered":"http:\/\/terraalimentos.com.br\/?product=green-beans-1-kg"},"modified":"2022-08-11T12:03:30","modified_gmt":"2022-08-11T12:03:30","slug":"green-beans-1-kg","status":"publish","type":"product","link":"https:\/\/terraalimentos.com.br\/?product=green-beans-1-kg","title":{"rendered":"Cenoura"},"content":{"rendered":"<p>As cenouras s\u00e3o grandes fontes de\u00a0<a title=\"Fibra\" href=\"https:\/\/pt.wikipedia.org\/wiki\/Fibra\">fibra<\/a>\u00a0diet\u00e9tica,\u00a0<a class=\"mw-redirect\" title=\"Antioxidantes\" href=\"https:\/\/pt.wikipedia.org\/wiki\/Antioxidantes\">antioxidantes<\/a>, minerais e \u03b2-<a title=\"Caroteno\" href=\"https:\/\/pt.wikipedia.org\/wiki\/Caroteno\">caroteno<\/a>. Este \u00faltimo, respons\u00e1vel pela colora\u00e7\u00e3o alaranjada caracter\u00edstica do vegetal, \u00e9 uma provitamina A (subst\u00e2ncia que d\u00e1 origem \u00e0\u00a0<a title=\"Vitamina A\" href=\"https:\/\/pt.wikipedia.org\/wiki\/Vitamina_A\">vitamina A<\/a>\u00a0dentro de um organismo vivo). Ele ajuda o desempenho dos receptores da\u00a0<a title=\"Retina\" href=\"https:\/\/pt.wikipedia.org\/wiki\/Retina\">retina<\/a>, melhorando a\u00a0<a title=\"Vis\u00e3o\" href=\"https:\/\/pt.wikipedia.org\/wiki\/Vis%C3%A3o\">vis\u00e3o<\/a>. Tamb\u00e9m ajuda a manter o bom estado da\u00a0<a title=\"Pele\" href=\"https:\/\/pt.wikipedia.org\/wiki\/Pele\">pele<\/a>\u00a0e das\u00a0<a title=\"Mucosa\" href=\"https:\/\/pt.wikipedia.org\/wiki\/Mucosa\">mucosas<\/a>. \u00c9 um antioxidante lipossol\u00favel que neutraliza os radicais livres, combinando-se diretamente com eles, o que aumenta a efic\u00e1cia do sistema imunit\u00e1rio. A cenoura apresenta propriedades antiss\u00e9pticas e reguladoras da corrente sangu\u00ednea<\/p>\n<p>No\u00a0<a class=\"mw-redirect\" title=\"Ser humano\" href=\"https:\/\/pt.wikipedia.org\/wiki\/Ser_humano\">ser humano<\/a>, apenas cem gramas de cenoura \u00e9 suficiente para suprir as necessidades di\u00e1rias de vitamina A.<\/p>\n<h3>Detalhes do Produto<\/h3>\n<ul>\n<li>Cada 100 gramas de Cenoura (<i>Daucus carota<\/i>) cont\u00e9m:\n<ul>\n<li><a class=\"mw-redirect\" title=\"Calorias\" href=\"https:\/\/pt.wikipedia.org\/wiki\/Calorias\">Calorias<\/a>\u00a0&#8211; 51kcal<\/li>\n<li><a title=\"Prote\u00edna\" href=\"https:\/\/pt.wikipedia.org\/wiki\/Prote%C3%ADna\">Prote\u00ednas<\/a>\u00a0&#8211; 1,5g<\/li>\n<li><a title=\"Gordura\" href=\"https:\/\/pt.wikipedia.org\/wiki\/Gordura\">Gorduras<\/a>\u00a0&#8211; 0,3g<\/li>\n<li><a title=\"Vitamina A\" href=\"https:\/\/pt.wikipedia.org\/wiki\/Vitamina_A\">Provitamina A<\/a>\u00a0&#8211; 14500 U.l.<\/li>\n<li>Vitamina K &#8211; 5\u00a0mg<\/li>\n<li>Vitamina B2 (<a title=\"Riboflavina\" href=\"https:\/\/pt.wikipedia.org\/wiki\/Riboflavina\">Riboflavina<\/a>) &#8211; 30 mcg<\/li>\n<li>Vitamina B3 (<a title=\"Niacina\" href=\"https:\/\/pt.wikipedia.org\/wiki\/Niacina\">Niacina<\/a>) &#8211; 0,3\u00a0mg<\/li>\n<li>Vitamina C (<a title=\"\u00c1cido asc\u00f3rbico\" href=\"https:\/\/pt.wikipedia.org\/wiki\/%C3%81cido_asc%C3%B3rbico\">\u00c1cido asc\u00f3rbico<\/a>) &#8211; 27\u00a0mg<\/li>\n<li><a title=\"Pot\u00e1ssio\" href=\"https:\/\/pt.wikipedia.org\/wiki\/Pot%C3%A1ssio\">Pot\u00e1ssio<\/a>\u00a0&#8211; 290\u00a0mg<\/li>\n<li><a title=\"S\u00f3dio\" href=\"https:\/\/pt.wikipedia.org\/wiki\/S%C3%B3dio\">S\u00f3dio<\/a>\u00a0&#8211; 100\u00a0mg<\/li>\n<li><a title=\"C\u00e1lcio\" href=\"https:\/\/pt.wikipedia.org\/wiki\/C%C3%A1lcio\">C\u00e1lcio<\/a>\u00a0&#8211; 45\u00a0mg<\/li>\n<li><a title=\"F\u00f3sforo\" href=\"https:\/\/pt.wikipedia.org\/wiki\/F%C3%B3sforo\">F\u00f3sforo<\/a>\u00a0&#8211; 40\u00a0mg<\/li>\n<li><a title=\"Enxofre\" href=\"https:\/\/pt.wikipedia.org\/wiki\/Enxofre\">Enxofre<\/a>\u00a0&#8211; 22\u00a0mg<\/li>\n<li><a title=\"Cloro\" href=\"https:\/\/pt.wikipedia.org\/wiki\/Cloro\">Cloro<\/a>\u00a0&#8211; 5\u00a0mg<\/li>\n<li><a title=\"Magn\u00e9sio\" href=\"https:\/\/pt.wikipedia.org\/wiki\/Magn%C3%A9sio\">Magn\u00e9sio<\/a>\u00a0&#8211; 4\u00a0mg<\/li>\n<li><a title=\"Sil\u00edcio\" href=\"https:\/\/pt.wikipedia.org\/wiki\/Sil%C3%ADcio\">Sil\u00edcio<\/a>\u00a0&#8211; 2\u00a0mg<\/li>\n<li><a title=\"Ferro\" href=\"https:\/\/pt.wikipedia.org\/wiki\/Ferro\">Ferro<\/a>\u00a0&#8211; 1\u00a0mg<\/li>\n<\/ul>\n<\/li>\n<\/ul>\n","protected":false},"excerpt":{"rendered":"<p>Etiam ultrices. Suspendisse in justo eu magna luctus suscipit. Sed lectus. Integer euismod lacus luctus magna. Quisque cursus, metus vitae.<\/p>\n","protected":false},"featured_media":357,"comment_status":"open","ping_status":"closed","template":"","meta":{"om_disable_all_campaigns":false,"_mi_skip_tracking":false},"product_cat":[17],"product_tag":[21,23,22],"aioseo_notices":[],"_links":{"self":[{"href":"https:\/\/terraalimentos.com.br\/index.php?rest_route=\/wp\/v2\/product\/78"}],"collection":[{"href":"https:\/\/terraalimentos.com.br\/index.php?rest_route=\/wp\/v2\/product"}],"about":[{"href":"https:\/\/terraalimentos.com.br\/index.php?rest_route=\/wp\/v2\/types\/product"}],"replies":[{"embeddable":true,"href":"https:\/\/terraalimentos.com.br\/index.php?rest_route=%2Fwp%2Fv2%2Fcomments&post=78"}],"wp:featuredmedia":[{"embeddable":true,"href":"https:\/\/terraalimentos.com.br\/index.php?rest_route=\/wp\/v2\/media\/357"}],"wp:attachment":[{"href":"https:\/\/terraalimentos.com.br\/index.php?rest_route=%2Fwp%2Fv2%2Fmedia&parent=78"}],"wp:term":[{"taxonomy":"product_cat","embeddable":true,"href":"https:\/\/terraalimentos.com.br\/index.php?rest_route=%2Fwp%2Fv2%2Fproduct_cat&post=78"},{"taxonomy":"product_tag","embeddable":true,"href":"https:\/\/terraalimentos.com.br\/index.php?rest_route=%2Fwp%2Fv2%2Fproduct_tag&post=78"}],"curies":[{"name":"wp","href":"https:\/\/api.w.org\/{rel}","templated":true}]}}