{"id":81,"date":"2021-01-02T08:26:42","date_gmt":"2021-01-02T08:26:42","guid":{"rendered":"http:\/\/terraalimentos.com.br\/?product=strawberry"},"modified":"2022-08-11T13:10:35","modified_gmt":"2022-08-11T13:10:35","slug":"strawberry","status":"publish","type":"product","link":"https:\/\/terraalimentos.com.br\/?product=strawberry","title":{"rendered":"Batata Doce"},"content":{"rendered":"<p>&#8220;Batata-doce&#8221; \u00e9 uma refer\u00eancia ao gosto doce de seu tub\u00e9rculo comest\u00edvel. &#8220;Jetica&#8221; e &#8220;jatica&#8221; s\u00e3o oriundos do termo\u00a0<a title=\"L\u00edngua tupi\" href=\"https:\/\/pt.wikipedia.org\/wiki\/L%C3%ADngua_tupi\">tupi<\/a>\u00a0para a planta,\u00a0<i>ye&#8217;tika<\/i>.<sup id=\"cite_ref-2\" class=\"reference\"><\/sup><\/p>\n<h2><span id=\"Hortali.C3.A7a_de_ra.C3.ADzes\"><\/span><span id=\"Hortali\u00e7a_de_ra\u00edzes\" class=\"mw-headline\">Hortali\u00e7a de ra\u00edzes<\/span><\/h2>\n<p>Possui diversas variedades cultiv\u00e1veis, divididas em de mesa (ou de mercado) e forrageiras, ambas podendo ser encontradas nas cores externas amarela, branca e roxa. No entanto, a quantidade de variedades n\u00e3o se restringe a essas caracter\u00edsticas \u2014 elas podem ser classificadas de acordo com o formato, tamanho, cor interna, do\u00e7ura, precocidade, cor das folhas e at\u00e9 pela colora\u00e7\u00e3o das flores, entre outras.<\/p>\n<p>\u00c9 a quarta\u00a0<a title=\"Hortali\u00e7a\" href=\"https:\/\/pt.wikipedia.org\/wiki\/Hortali%C3%A7a\">hortali\u00e7a<\/a>\u00a0mais cultivada no\u00a0<a title=\"Brasil\" href=\"https:\/\/pt.wikipedia.org\/wiki\/Brasil\">Brasil<\/a>, tendo grande relev\u00e2ncia econ\u00f4mica e social, principalmente pela rusticidade, grande adapta\u00e7\u00e3o clim\u00e1tica e r\u00e1pida produ\u00e7\u00e3o.<\/p>\n<p>&nbsp;<\/p>\n","protected":false},"excerpt":{"rendered":"<p>Etiam ultrices. Suspendisse in justo eu magna luctus suscipit. Sed lectus. Integer euismod lacus luctus magna. Quisque cursus, metus vitae.<\/p>\n","protected":false},"featured_media":214,"comment_status":"open","ping_status":"closed","template":"","meta":{"om_disable_all_campaigns":false,"_mi_skip_tracking":false},"product_cat":[41],"product_tag":[21,23,22],"aioseo_notices":[],"_links":{"self":[{"href":"https:\/\/terraalimentos.com.br\/index.php?rest_route=\/wp\/v2\/product\/81"}],"collection":[{"href":"https:\/\/terraalimentos.com.br\/index.php?rest_route=\/wp\/v2\/product"}],"about":[{"href":"https:\/\/terraalimentos.com.br\/index.php?rest_route=\/wp\/v2\/types\/product"}],"replies":[{"embeddable":true,"href":"https:\/\/terraalimentos.com.br\/index.php?rest_route=%2Fwp%2Fv2%2Fcomments&post=81"}],"wp:featuredmedia":[{"embeddable":true,"href":"https:\/\/terraalimentos.com.br\/index.php?rest_route=\/wp\/v2\/media\/214"}],"wp:attachment":[{"href":"https:\/\/terraalimentos.com.br\/index.php?rest_route=%2Fwp%2Fv2%2Fmedia&parent=81"}],"wp:term":[{"taxonomy":"product_cat","embeddable":true,"href":"https:\/\/terraalimentos.com.br\/index.php?rest_route=%2Fwp%2Fv2%2Fproduct_cat&post=81"},{"taxonomy":"product_tag","embeddable":true,"href":"https:\/\/terraalimentos.com.br\/index.php?rest_route=%2Fwp%2Fv2%2Fproduct_tag&post=81"}],"curies":[{"name":"wp","href":"https:\/\/api.w.org\/{rel}","templated":true}]}}