{"id":84,"date":"2021-01-02T04:57:43","date_gmt":"2021-01-02T04:57:43","guid":{"rendered":"http:\/\/terraalimentos.com.br\/?product=organic-lentil-sprouts-2"},"modified":"2022-08-11T12:14:45","modified_gmt":"2022-08-11T12:14:45","slug":"organic-lentil-sprouts-2","status":"publish","type":"product","link":"https:\/\/terraalimentos.com.br\/?product=organic-lentil-sprouts-2","title":{"rendered":"Chuchu"},"content":{"rendered":"<p>Destaca-se por ser uma fonte de\u00a0<a title=\"Pot\u00e1ssio\" href=\"https:\/\/pt.wikipedia.org\/wiki\/Pot%C3%A1ssio\">pot\u00e1ssio<\/a>\u00a0e fornecer vitaminas A e C.<\/p>\n<p>Do chuchu nada \u00e9 desperdi\u00e7ado: pode-se consumir as folhas, brotos e ra\u00edzes da planta, depois de devidamente lavados. Os brotos refogados s\u00e3o ricos em vitaminas B e C e sais minerais como\u00a0<a title=\"C\u00e1lcio\" href=\"https:\/\/pt.wikipedia.org\/wiki\/C%C3%A1lcio\">c\u00e1lcio<\/a>,\u00a0<a title=\"F\u00f3sforo\" href=\"https:\/\/pt.wikipedia.org\/wiki\/F%C3%B3sforo\">f\u00f3sforo<\/a>\u00a0e\u00a0<a title=\"Ferro\" href=\"https:\/\/pt.wikipedia.org\/wiki\/Ferro\">ferro<\/a>.<\/p>\n<p>&nbsp;<\/p>\n","protected":false},"excerpt":{"rendered":"<p>Etiam ultrices. Suspendisse in justo eu magna luctus suscipit. Sed lectus. Integer euismod lacus luctus magna. Quisque cursus, metus vitae.<\/p>\n","protected":false},"featured_media":359,"comment_status":"open","ping_status":"closed","template":"","meta":{"om_disable_all_campaigns":false,"_mi_skip_tracking":false},"product_cat":[17],"product_tag":[21,23,22],"aioseo_notices":[],"_links":{"self":[{"href":"https:\/\/terraalimentos.com.br\/index.php?rest_route=\/wp\/v2\/product\/84"}],"collection":[{"href":"https:\/\/terraalimentos.com.br\/index.php?rest_route=\/wp\/v2\/product"}],"about":[{"href":"https:\/\/terraalimentos.com.br\/index.php?rest_route=\/wp\/v2\/types\/product"}],"replies":[{"embeddable":true,"href":"https:\/\/terraalimentos.com.br\/index.php?rest_route=%2Fwp%2Fv2%2Fcomments&post=84"}],"wp:featuredmedia":[{"embeddable":true,"href":"https:\/\/terraalimentos.com.br\/index.php?rest_route=\/wp\/v2\/media\/359"}],"wp:attachment":[{"href":"https:\/\/terraalimentos.com.br\/index.php?rest_route=%2Fwp%2Fv2%2Fmedia&parent=84"}],"wp:term":[{"taxonomy":"product_cat","embeddable":true,"href":"https:\/\/terraalimentos.com.br\/index.php?rest_route=%2Fwp%2Fv2%2Fproduct_cat&post=84"},{"taxonomy":"product_tag","embeddable":true,"href":"https:\/\/terraalimentos.com.br\/index.php?rest_route=%2Fwp%2Fv2%2Fproduct_tag&post=84"}],"curies":[{"name":"wp","href":"https:\/\/api.w.org\/{rel}","templated":true}]}}