{"id":85,"date":"2021-01-02T04:56:41","date_gmt":"2021-01-02T04:56:41","guid":{"rendered":"http:\/\/terraalimentos.com.br\/?product=avocado-hass"},"modified":"2022-08-11T12:20:06","modified_gmt":"2022-08-11T12:20:06","slug":"avocado-hass","status":"publish","type":"product","link":"https:\/\/terraalimentos.com.br\/?product=avocado-hass","title":{"rendered":"Mam\u00e3o"},"content":{"rendered":"<p>O consumo do mam\u00e3o \u00e9 recomendado pelos\u00a0<a title=\"Nutri\u00e7\u00e3o\" href=\"https:\/\/pt.wikipedia.org\/wiki\/Nutri%C3%A7%C3%A3o\">nutricionistas<\/a>\u00a0por se constituir em um\u00a0<a title=\"Alimento\" href=\"https:\/\/pt.wikipedia.org\/wiki\/Alimento\">alimento<\/a>\u00a0rico em\u00a0<a title=\"Licopeno\" href=\"https:\/\/pt.wikipedia.org\/wiki\/Licopeno\">licopeno<\/a>\u00a0(m\u00e9dia de 3,39\u00a0mg em 100 g),\u00a0<a class=\"mw-redirect\" title=\"Vitamina C\" href=\"https:\/\/pt.wikipedia.org\/wiki\/Vitamina_C\">vitamina C<\/a>\u00a0e minerais importantes para o organismo. Quanto mais maduro, maior a concentra\u00e7\u00e3o desses nutrientes.<\/p>\n<p>Numa por\u00e7\u00e3o de 100 gramas do fruto est\u00e3o contidas 43\u00a0<a title=\"Caloria\" href=\"https:\/\/pt.wikipedia.org\/wiki\/Caloria\">calorias<\/a>\u00a0e uma quantidade significativa de\u00a0<a class=\"mw-redirect\" title=\"Vitamina C\" href=\"https:\/\/pt.wikipedia.org\/wiki\/Vitamina_C\">vitamina C<\/a>\u00a0(75% da\u00a0<a class=\"mw-redirect\" title=\"Dose Di\u00e1ria Recomendada\" href=\"https:\/\/pt.wikipedia.org\/wiki\/Dose_Di%C3%A1ria_Recomendada\">Dose Di\u00e1ria Recomendada<\/a>, DDR) e uma quantidade moderada de\u00a0<a class=\"mw-redirect\" title=\"Folato\" href=\"https:\/\/pt.wikipedia.org\/wiki\/Folato\">folato<\/a>\u00a0(10% da DDR), para al\u00e9m de uma variedade de\u00a0<a title=\"Nutriente\" href=\"https:\/\/pt.wikipedia.org\/wiki\/Nutriente\">nutrientes<\/a> embora em quantidades neglig\u00edveis.<\/p>\n<p>&nbsp;<\/p>\n<p><strong>\u00a0 \u00a0 \u00a0 \u00a0 \u00a0 \u00a0 \u00a0 Valor Nutricional<\/strong><\/p>\n<table class=\"infobox\">\n<tbody>\n<tr>\n<th colspan=\"2\" data-darkreader-inline-bgcolor=\"\">Papaia, fruto cru<\/th>\n<\/tr>\n<tr>\n<th colspan=\"2\" data-darkreader-inline-bgcolor=\"\">Valor nutricional por 100\u00a0g\u00a0(3,53\u00a0<a title=\"On\u00e7a (massa)\" href=\"https:\/\/pt.wikipedia.org\/wiki\/On%C3%A7a_(massa)\">oz<\/a>)<\/th>\n<\/tr>\n<tr data-darkreader-inline-bgcolor=\"\">\n<th><a title=\"Energia alimentar\" href=\"https:\/\/pt.wikipedia.org\/wiki\/Energia_alimentar\">Energia<\/a><\/th>\n<td>179\u00a0<a title=\"Joule\" href=\"https:\/\/pt.wikipedia.org\/wiki\/Joule\">kJ<\/a>\u00a0(40\u00a0<a class=\"mw-redirect\" title=\"Calorias\" href=\"https:\/\/pt.wikipedia.org\/wiki\/Calorias\">kcal<\/a>)<\/td>\n<\/tr>\n<tr>\n<th colspan=\"2\" data-darkreader-inline-bgcolor=\"\"><a title=\"Carboidrato\" href=\"https:\/\/pt.wikipedia.org\/wiki\/Carboidrato\">Carboidratos<\/a><\/th>\n<\/tr>\n<tr>\n<th><a title=\"Carboidrato\" href=\"https:\/\/pt.wikipedia.org\/wiki\/Carboidrato\">Carboidratos<\/a>\u00a0totais<\/th>\n<td>10.82 g<\/td>\n<\/tr>\n<tr>\n<th>\u00a0\u2022\u00a0<a title=\"A\u00e7\u00facar\" href=\"https:\/\/pt.wikipedia.org\/wiki\/A%C3%A7%C3%BAcar\">A\u00e7\u00facares<\/a><\/th>\n<td>7.82 g<\/td>\n<\/tr>\n<tr>\n<th>\u00a0\u2022\u00a0<a title=\"Fibra diet\u00e9tica\" href=\"https:\/\/pt.wikipedia.org\/wiki\/Fibra_diet%C3%A9tica\">Fibra diet\u00e9tica<\/a><\/th>\n<td>1.7 g<\/td>\n<\/tr>\n<tr>\n<th colspan=\"2\" data-darkreader-inline-border-bottom=\"\"><\/th>\n<\/tr>\n<tr>\n<th colspan=\"2\" data-darkreader-inline-bgcolor=\"\"><a title=\"Gordura\" href=\"https:\/\/pt.wikipedia.org\/wiki\/Gordura\">Gorduras<\/a><\/th>\n<\/tr>\n<tr>\n<th><a title=\"Gordura\" href=\"https:\/\/pt.wikipedia.org\/wiki\/Gordura\">Gorduras<\/a>\u00a0totais<\/th>\n<td>0.26 g<\/td>\n<\/tr>\n<tr>\n<th colspan=\"2\" data-darkreader-inline-border-bottom=\"\"><\/th>\n<\/tr>\n<tr>\n<th colspan=\"2\" data-darkreader-inline-bgcolor=\"\"><a title=\"Prote\u00edna\" href=\"https:\/\/pt.wikipedia.org\/wiki\/Prote%C3%ADna\">Prote\u00ednas<\/a><\/th>\n<\/tr>\n<tr>\n<th><a title=\"Prote\u00edna\" href=\"https:\/\/pt.wikipedia.org\/wiki\/Prote%C3%ADna\">Prote\u00ednas<\/a>\u00a0totais<\/th>\n<td>0.47 g<\/td>\n<\/tr>\n<tr>\n<th colspan=\"2\" data-darkreader-inline-border-bottom=\"\"><\/th>\n<\/tr>\n<tr>\n<th colspan=\"2\" data-darkreader-inline-bgcolor=\"\"><a title=\"Vitamina\" href=\"https:\/\/pt.wikipedia.org\/wiki\/Vitamina\">Vitaminas<\/a><\/th>\n<\/tr>\n<tr>\n<td><a title=\"Vitamina A\" href=\"https:\/\/pt.wikipedia.org\/wiki\/Vitamina_A\">Vitamina A<\/a>\u00a0equiv.<\/td>\n<td>47 \u00b5g (6%)<\/td>\n<\/tr>\n<tr>\n<td>&#8211;\u00a0<a title=\"Betacaroteno\" href=\"https:\/\/pt.wikipedia.org\/wiki\/Betacaroteno\">Betacaroteno<\/a><\/td>\n<td>274 \u00b5g (3%)<\/td>\n<\/tr>\n<tr>\n<td>&#8211;\u00a0<a title=\"Lute\u00edna\" href=\"https:\/\/pt.wikipedia.org\/wiki\/Lute%C3%ADna\">Lute\u00edna<\/a>\u00a0e\u00a0<a title=\"Zeaxantina\" href=\"https:\/\/pt.wikipedia.org\/wiki\/Zeaxantina\">Zeaxantina<\/a><\/td>\n<td>89 \u00b5g<\/td>\n<\/tr>\n<tr>\n<td><a title=\"Tiamina\" href=\"https:\/\/pt.wikipedia.org\/wiki\/Tiamina\">Tiamina (vit. B<sub>1<\/sub>)<\/a><\/td>\n<td>0.023 mg (2%)<\/td>\n<\/tr>\n<tr>\n<td><a title=\"Riboflavina\" href=\"https:\/\/pt.wikipedia.org\/wiki\/Riboflavina\">Riboflavina (vit. B<sub>2<\/sub>)<\/a><\/td>\n<td>0.027 mg (2%)<\/td>\n<\/tr>\n<tr>\n<td><a title=\"Niacina\" href=\"https:\/\/pt.wikipedia.org\/wiki\/Niacina\">Niacina (vit. B<sub>3<\/sub>)<\/a><\/td>\n<td>0.357 mg (2%)<\/td>\n<\/tr>\n<tr>\n<td><a class=\"mw-redirect\" title=\"\u00c1cido pantot\u00eanico\" href=\"https:\/\/pt.wikipedia.org\/wiki\/%C3%81cido_pantot%C3%AAnico\">\u00c1cido pantot\u00eanico<\/a>\u00a0(B<sub>5<\/sub>)<\/td>\n<td>0.191 mg (4%)<\/td>\n<\/tr>\n<tr>\n<td><a title=\"\u00c1cido f\u00f3lico\" href=\"https:\/\/pt.wikipedia.org\/wiki\/%C3%81cido_f%C3%B3lico\">\u00c1cido f\u00f3lico<\/a>\u00a0(vit. B<sub>9<\/sub>)<\/td>\n<td>38 \u00b5g (10%)<\/td>\n<\/tr>\n<tr>\n<td><a title=\"\u00c1cido asc\u00f3rbico\" href=\"https:\/\/pt.wikipedia.org\/wiki\/%C3%81cido_asc%C3%B3rbico\">Vitamina C<\/a><\/td>\n<td>62 mg (75%)<\/td>\n<\/tr>\n<tr>\n<td><a title=\"Tocoferol\" href=\"https:\/\/pt.wikipedia.org\/wiki\/Tocoferol\">Vitamina E<\/a><\/td>\n<td>0.3 mg (2%)<\/td>\n<\/tr>\n<tr>\n<td><a title=\"Vitamina K\" href=\"https:\/\/pt.wikipedia.org\/wiki\/Vitamina_K\">Vitamina K<\/a><\/td>\n<td>2.6 \u00b5g (2%)<\/td>\n<\/tr>\n<tr>\n<th colspan=\"2\" data-darkreader-inline-border-bottom=\"\"><\/th>\n<\/tr>\n<tr>\n<th colspan=\"2\" data-darkreader-inline-bgcolor=\"\"><a class=\"mw-redirect\" title=\"Minerais\" href=\"https:\/\/pt.wikipedia.org\/wiki\/Minerais#Minerais_diet.C3.A9ticos\">Minerais<\/a><\/th>\n<\/tr>\n<tr>\n<td><a title=\"C\u00e1lcio\" href=\"https:\/\/pt.wikipedia.org\/wiki\/C%C3%A1lcio#Nutri%C3%A7%C3%A3o\">C\u00e1lcio<\/a><\/td>\n<td>20 mg (2%)<\/td>\n<\/tr>\n<tr>\n<td><a title=\"Ferro\" href=\"https:\/\/pt.wikipedia.org\/wiki\/Ferro#Papel_biol%C3%B3gico\">Ferro<\/a><\/td>\n<td>0.25 mg (2%)<\/td>\n<\/tr>\n<tr>\n<td><a title=\"Magn\u00e9sio\" href=\"https:\/\/pt.wikipedia.org\/wiki\/Magn%C3%A9sio#Papel_biol%C3%B3gico\">Magn\u00e9sio<\/a><\/td>\n<td>21 mg (6%)<\/td>\n<\/tr>\n<tr>\n<td><a title=\"Mangan\u00eas\" href=\"https:\/\/pt.wikipedia.org\/wiki\/Mangan%C3%AAs#Papel_biol%C3%B3gico\">Mangan\u00eas<\/a><\/td>\n<td>0.04 mg (2%)<\/td>\n<\/tr>\n<tr>\n<td><a title=\"F\u00f3sforo\" href=\"https:\/\/pt.wikipedia.org\/wiki\/F%C3%B3sforo#A%C3%A7%C3%A3o_biol%C3%B3gica\">F\u00f3sforo<\/a><\/td>\n<td>10 mg (1%)<\/td>\n<\/tr>\n<tr>\n<td><a title=\"Pot\u00e1ssio\" href=\"https:\/\/pt.wikipedia.org\/wiki\/Pot%C3%A1ssio#A%C3%A7%C3%A3o_biol%C3%B3gica\">Pot\u00e1ssio<\/a><\/td>\n<td>182 mg (4%)<\/td>\n<\/tr>\n<tr>\n<td><a title=\"Sal de cozinha\" href=\"https:\/\/pt.wikipedia.org\/wiki\/Sal_de_cozinha\">S\u00f3dio<\/a><\/td>\n<td>8 mg (1%)<\/td>\n<\/tr>\n<tr>\n<td><a title=\"Zinco\" href=\"https:\/\/pt.wikipedia.org\/wiki\/Zinco#Papel_biol%C3%B3gico\">Zinco<\/a><\/td>\n<td>0.08 mg (1%)<\/td>\n<\/tr>\n<tr>\n<th colspan=\"2\" data-darkreader-inline-border-bottom=\"\"><\/th>\n<\/tr>\n<tr>\n<th><a title=\"Licopeno\" href=\"https:\/\/pt.wikipedia.org\/wiki\/Licopeno\">Licopeno<\/a><\/th>\n<td>1828 \u00b5g<\/td>\n<\/tr>\n<\/tbody>\n<\/table>\n","protected":false},"excerpt":{"rendered":"<p>Etiam ultrices. Suspendisse in justo eu magna luctus suscipit. Sed lectus. Integer euismod lacus luctus magna. Quisque cursus, metus vitae.<\/p>\n","protected":false},"featured_media":360,"comment_status":"open","ping_status":"closed","template":"","meta":{"om_disable_all_campaigns":false,"_mi_skip_tracking":false},"product_cat":[18],"product_tag":[21,23,22],"aioseo_notices":[],"_links":{"self":[{"href":"https:\/\/terraalimentos.com.br\/index.php?rest_route=\/wp\/v2\/product\/85"}],"collection":[{"href":"https:\/\/terraalimentos.com.br\/index.php?rest_route=\/wp\/v2\/product"}],"about":[{"href":"https:\/\/terraalimentos.com.br\/index.php?rest_route=\/wp\/v2\/types\/product"}],"replies":[{"embeddable":true,"href":"https:\/\/terraalimentos.com.br\/index.php?rest_route=%2Fwp%2Fv2%2Fcomments&post=85"}],"wp:featuredmedia":[{"embeddable":true,"href":"https:\/\/terraalimentos.com.br\/index.php?rest_route=\/wp\/v2\/media\/360"}],"wp:attachment":[{"href":"https:\/\/terraalimentos.com.br\/index.php?rest_route=%2Fwp%2Fv2%2Fmedia&parent=85"}],"wp:term":[{"taxonomy":"product_cat","embeddable":true,"href":"https:\/\/terraalimentos.com.br\/index.php?rest_route=%2Fwp%2Fv2%2Fproduct_cat&post=85"},{"taxonomy":"product_tag","embeddable":true,"href":"https:\/\/terraalimentos.com.br\/index.php?rest_route=%2Fwp%2Fv2%2Fproduct_tag&post=85"}],"curies":[{"name":"wp","href":"https:\/\/api.w.org\/{rel}","templated":true}]}}